{"id":19482,"date":"2022-09-22T08:44:45","date_gmt":"2022-09-22T06:44:45","guid":{"rendered":"https:\/\/eide.net\/?post_type=product&#038;p=19482"},"modified":"2026-02-17T14:02:42","modified_gmt":"2026-02-17T13:02:42","slug":"custom-pneumatic-tooth-clutch-ne-cd","status":"publish","type":"product","link":"https:\/\/eide.net\/en\/producto\/custom-pneumatic-tooth-clutch-ne-cd\/","title":{"rendered":"Custom Pneumatic Tooth Clutch NE\/CD"},"content":{"rendered":"<p style=\"margin-bottom: 10px;\"><span style=\"color: #ff7a0d;\">The Custom Pneumatic Tooth Clutch NE\/CD<\/span> is a specific version to be mounted on a large-section shaft and transmitted to a chain disc.<\/p>\n<p style=\"margin-bottom: 10px;\">This clutch is very compact for its torque transmission capacity.<\/p>\n<p style=\"margin-bottom: 10px;\">When pressurised air is applied, it transmits the movement and disengages when the pressure is no longer applied, thanks to the springs that release the toothed discs.<\/p>\n<p style=\"margin-bottom: 10px;\">As a toothed clutch, it can transmit more torque than an\u00a0<a href=\"https:\/\/eide.net\/en\/producto\/ne-pneumatic-clutch\/\" target=\"_blank\" rel=\"noopener\">NE pneumatic clutch<\/a> of the same size. Additionally, depending on the tooth\u00a0arrangement, the clutch can maintain synchronism between the driving and driven parts. The one entry per turn (360\u00ba) design is the most common.<\/p>\n<div style=\"text-align: center;\">For more information about the products we have at EIDE, do not hesitate to <strong><a href=\"https:\/\/eide.net\/en\/contact\/\"><span style=\"color: #ff6600;\">contact<\/span><\/a><\/strong> us.<\/div>\n","protected":false},"excerpt":{"rendered":"<p style=\"margin-bottom: 10px;\"><span style=\"color: #ff7a0d;\">The Custom Pneumatic Tooth Clutch NE\/CD<\/span> es una versi\u00f3n espec\u00edfica para ser montado sobre un eje de gran secci\u00f3n y transmitir hacia un disco de cadena.<\/p>\n","protected":false},"featured_media":19492,"template":"","meta":{"_acf_changed":false},"product_brand":[],"product_cat":[125],"product_tag":[],"class_list":{"0":"post-19482","1":"product","2":"type-product","3":"status-publish","4":"has-post-thumbnail","6":"product_cat-special-units","8":"first","9":"instock","10":"shipping-taxable","11":"product-type-simple"},"acf":[],"yoast_head":"<!-- This site is optimized with the Yoast SEO plugin v25.1 - https:\/\/yoast.com\/wordpress\/plugins\/seo\/ -->\n<title>Custom Pneumatic Tooth Clutch NE\/CD | EIDE<\/title>\n<meta name=\"description\" content=\"The Custom Pneumatic Tooth Clutch NE\/CD it is a specific version to be mounted on a large section shaft and transmit to a chain disc.\" \/>\n<meta name=\"robots\" content=\"index, follow, max-snippet:-1, max-image-preview:large, max-video-preview:-1\" \/>\n<link rel=\"canonical\" href=\"https:\/\/eide.net\/en\/producto\/custom-pneumatic-tooth-clutch-ne-cd\/\" \/>\n<meta property=\"og:locale\" content=\"en_US\" \/>\n<meta property=\"og:type\" content=\"article\" \/>\n<meta property=\"og:title\" content=\"Custom Pneumatic Tooth Clutch NE\/CD | EIDE\" \/>\n<meta property=\"og:description\" content=\"The Custom Pneumatic Tooth Clutch NE\/CD it is a specific version to be mounted on a large section shaft and transmit to a chain disc.\" \/>\n<meta property=\"og:url\" content=\"https:\/\/eide.net\/en\/producto\/custom-pneumatic-tooth-clutch-ne-cd\/\" \/>\n<meta property=\"og:site_name\" content=\"EIDE\" \/>\n<meta property=\"article:modified_time\" content=\"2026-02-17T13:02:42+00:00\" \/>\n<meta property=\"og:image\" content=\"https:\/\/eide.net\/wp-content\/uploads\/2022\/09\/NE-325CD-01.png\" \/>\n\t<meta property=\"og:image:width\" content=\"500\" \/>\n\t<meta property=\"og:image:height\" content=\"500\" \/>\n\t<meta property=\"og:image:type\" content=\"image\/png\" \/>\n<meta name=\"twitter:card\" content=\"summary_large_image\" \/>\n<meta name=\"twitter:label1\" content=\"Est. reading time\" \/>\n\t<meta name=\"twitter:data1\" content=\"1 minute\" \/>\n<script type=\"application\/ld+json\" class=\"yoast-schema-graph\">{\"@context\":\"https:\/\/schema.org\",\"@graph\":[{\"@type\":\"WebPage\",\"@id\":\"https:\/\/eide.net\/en\/producto\/custom-pneumatic-tooth-clutch-ne-cd\/\",\"url\":\"https:\/\/eide.net\/en\/producto\/custom-pneumatic-tooth-clutch-ne-cd\/\",\"name\":\"Custom Pneumatic Tooth Clutch NE\/CD | EIDE\",\"isPartOf\":{\"@id\":\"https:\/\/eide.net\/en\/#website\"},\"primaryImageOfPage\":{\"@id\":\"https:\/\/eide.net\/en\/producto\/custom-pneumatic-tooth-clutch-ne-cd\/#primaryimage\"},\"image\":{\"@id\":\"https:\/\/eide.net\/en\/producto\/custom-pneumatic-tooth-clutch-ne-cd\/#primaryimage\"},\"thumbnailUrl\":\"https:\/\/eide.net\/wp-content\/uploads\/2022\/09\/NE-325CD-01.png\",\"datePublished\":\"2022-09-22T06:44:45+00:00\",\"dateModified\":\"2026-02-17T13:02:42+00:00\",\"description\":\"The Custom Pneumatic Tooth Clutch NE\/CD it is a specific version to be mounted on a large section shaft and transmit to a chain disc.\",\"breadcrumb\":{\"@id\":\"https:\/\/eide.net\/en\/producto\/custom-pneumatic-tooth-clutch-ne-cd\/#breadcrumb\"},\"inLanguage\":\"en-US\",\"potentialAction\":[{\"@type\":\"ReadAction\",\"target\":[\"https:\/\/eide.net\/en\/producto\/custom-pneumatic-tooth-clutch-ne-cd\/\"]}]},{\"@type\":\"ImageObject\",\"inLanguage\":\"en-US\",\"@id\":\"https:\/\/eide.net\/en\/producto\/custom-pneumatic-tooth-clutch-ne-cd\/#primaryimage\",\"url\":\"https:\/\/eide.net\/wp-content\/uploads\/2022\/09\/NE-325CD-01.png\",\"contentUrl\":\"https:\/\/eide.net\/wp-content\/uploads\/2022\/09\/NE-325CD-01.png\",\"width\":500,\"height\":500,\"caption\":\"Custom Pneumatic Tooth Clutch\"},{\"@type\":\"BreadcrumbList\",\"@id\":\"https:\/\/eide.net\/en\/producto\/custom-pneumatic-tooth-clutch-ne-cd\/#breadcrumb\",\"itemListElement\":[{\"@type\":\"ListItem\",\"position\":1,\"name\":\"Portada\",\"item\":\"https:\/\/eide.net\/en\/main-home-eide\/\"},{\"@type\":\"ListItem\",\"position\":2,\"name\":\"Products\",\"item\":\"https:\/\/eide.net\/en\/shop\/\"},{\"@type\":\"ListItem\",\"position\":3,\"name\":\"Custom Pneumatic Tooth Clutch NE\/CD\"}]},{\"@type\":\"WebSite\",\"@id\":\"https:\/\/eide.net\/en\/#website\",\"url\":\"https:\/\/eide.net\/en\/\",\"name\":\"EIDE\",\"description\":\"L\u00edder en Embragues y Frenos Industriales\",\"publisher\":{\"@id\":\"https:\/\/eide.net\/en\/#organization\"},\"potentialAction\":[{\"@type\":\"SearchAction\",\"target\":{\"@type\":\"EntryPoint\",\"urlTemplate\":\"https:\/\/eide.net\/en\/?s={search_term_string}\"},\"query-input\":{\"@type\":\"PropertyValueSpecification\",\"valueRequired\":true,\"valueName\":\"search_term_string\"}}],\"inLanguage\":\"en-US\"},{\"@type\":\"Organization\",\"@id\":\"https:\/\/eide.net\/en\/#organization\",\"name\":\"Embragatges i Derivats, S.A.\",\"alternateName\":\"EIDE\",\"url\":\"https:\/\/eide.net\/en\/\",\"logo\":{\"@type\":\"ImageObject\",\"inLanguage\":\"en-US\",\"@id\":\"https:\/\/eide.net\/en\/#\/schema\/logo\/image\/\",\"url\":\"https:\/\/eide.net\/wp-content\/uploads\/2025\/01\/logo-eide-web.png\",\"contentUrl\":\"https:\/\/eide.net\/wp-content\/uploads\/2025\/01\/logo-eide-web.png\",\"width\":500,\"height\":500,\"caption\":\"Embragatges i Derivats, S.A.\"},\"image\":{\"@id\":\"https:\/\/eide.net\/en\/#\/schema\/logo\/image\/\"},\"sameAs\":[\"https:\/\/es.linkedin.com\/company\/eide-sa\"]}]}<\/script>\n<!-- \/ Yoast SEO plugin. -->","yoast_head_json":{"title":"Custom Pneumatic Tooth Clutch NE\/CD | EIDE","description":"The Custom Pneumatic Tooth Clutch NE\/CD it is a specific version to be mounted on a large section shaft and transmit to a chain disc.","robots":{"index":"index","follow":"follow","max-snippet":"max-snippet:-1","max-image-preview":"max-image-preview:large","max-video-preview":"max-video-preview:-1"},"canonical":"https:\/\/eide.net\/en\/producto\/custom-pneumatic-tooth-clutch-ne-cd\/","og_locale":"en_US","og_type":"article","og_title":"Custom Pneumatic Tooth Clutch NE\/CD | EIDE","og_description":"The Custom Pneumatic Tooth Clutch NE\/CD it is a specific version to be mounted on a large section shaft and transmit to a chain disc.","og_url":"https:\/\/eide.net\/en\/producto\/custom-pneumatic-tooth-clutch-ne-cd\/","og_site_name":"EIDE","article_modified_time":"2026-02-17T13:02:42+00:00","og_image":[{"width":500,"height":500,"url":"https:\/\/eide.net\/wp-content\/uploads\/2022\/09\/NE-325CD-01.png","type":"image\/png"}],"twitter_card":"summary_large_image","twitter_misc":{"Est. reading time":"1 minute"},"schema":{"@context":"https:\/\/schema.org","@graph":[{"@type":"WebPage","@id":"https:\/\/eide.net\/en\/producto\/custom-pneumatic-tooth-clutch-ne-cd\/","url":"https:\/\/eide.net\/en\/producto\/custom-pneumatic-tooth-clutch-ne-cd\/","name":"Custom Pneumatic Tooth Clutch NE\/CD | EIDE","isPartOf":{"@id":"https:\/\/eide.net\/en\/#website"},"primaryImageOfPage":{"@id":"https:\/\/eide.net\/en\/producto\/custom-pneumatic-tooth-clutch-ne-cd\/#primaryimage"},"image":{"@id":"https:\/\/eide.net\/en\/producto\/custom-pneumatic-tooth-clutch-ne-cd\/#primaryimage"},"thumbnailUrl":"https:\/\/eide.net\/wp-content\/uploads\/2022\/09\/NE-325CD-01.png","datePublished":"2022-09-22T06:44:45+00:00","dateModified":"2026-02-17T13:02:42+00:00","description":"The Custom Pneumatic Tooth Clutch NE\/CD it is a specific version to be mounted on a large section shaft and transmit to a chain disc.","breadcrumb":{"@id":"https:\/\/eide.net\/en\/producto\/custom-pneumatic-tooth-clutch-ne-cd\/#breadcrumb"},"inLanguage":"en-US","potentialAction":[{"@type":"ReadAction","target":["https:\/\/eide.net\/en\/producto\/custom-pneumatic-tooth-clutch-ne-cd\/"]}]},{"@type":"ImageObject","inLanguage":"en-US","@id":"https:\/\/eide.net\/en\/producto\/custom-pneumatic-tooth-clutch-ne-cd\/#primaryimage","url":"https:\/\/eide.net\/wp-content\/uploads\/2022\/09\/NE-325CD-01.png","contentUrl":"https:\/\/eide.net\/wp-content\/uploads\/2022\/09\/NE-325CD-01.png","width":500,"height":500,"caption":"Custom Pneumatic Tooth Clutch"},{"@type":"BreadcrumbList","@id":"https:\/\/eide.net\/en\/producto\/custom-pneumatic-tooth-clutch-ne-cd\/#breadcrumb","itemListElement":[{"@type":"ListItem","position":1,"name":"Portada","item":"https:\/\/eide.net\/en\/main-home-eide\/"},{"@type":"ListItem","position":2,"name":"Products","item":"https:\/\/eide.net\/en\/shop\/"},{"@type":"ListItem","position":3,"name":"Custom Pneumatic Tooth Clutch NE\/CD"}]},{"@type":"WebSite","@id":"https:\/\/eide.net\/en\/#website","url":"https:\/\/eide.net\/en\/","name":"EIDE","description":"L\u00edder en Embragues y Frenos Industriales","publisher":{"@id":"https:\/\/eide.net\/en\/#organization"},"potentialAction":[{"@type":"SearchAction","target":{"@type":"EntryPoint","urlTemplate":"https:\/\/eide.net\/en\/?s={search_term_string}"},"query-input":{"@type":"PropertyValueSpecification","valueRequired":true,"valueName":"search_term_string"}}],"inLanguage":"en-US"},{"@type":"Organization","@id":"https:\/\/eide.net\/en\/#organization","name":"Embragatges i Derivats, S.A.","alternateName":"EIDE","url":"https:\/\/eide.net\/en\/","logo":{"@type":"ImageObject","inLanguage":"en-US","@id":"https:\/\/eide.net\/en\/#\/schema\/logo\/image\/","url":"https:\/\/eide.net\/wp-content\/uploads\/2025\/01\/logo-eide-web.png","contentUrl":"https:\/\/eide.net\/wp-content\/uploads\/2025\/01\/logo-eide-web.png","width":500,"height":500,"caption":"Embragatges i Derivats, S.A."},"image":{"@id":"https:\/\/eide.net\/en\/#\/schema\/logo\/image\/"},"sameAs":["https:\/\/es.linkedin.com\/company\/eide-sa"]}]}},"_links":{"self":[{"href":"https:\/\/eide.net\/en\/wp-json\/wp\/v2\/product\/19482","targetHints":{"allow":["GET"]}}],"collection":[{"href":"https:\/\/eide.net\/en\/wp-json\/wp\/v2\/product"}],"about":[{"href":"https:\/\/eide.net\/en\/wp-json\/wp\/v2\/types\/product"}],"version-history":[{"count":7,"href":"https:\/\/eide.net\/en\/wp-json\/wp\/v2\/product\/19482\/revisions"}],"predecessor-version":[{"id":29101,"href":"https:\/\/eide.net\/en\/wp-json\/wp\/v2\/product\/19482\/revisions\/29101"}],"wp:featuredmedia":[{"embeddable":true,"href":"https:\/\/eide.net\/en\/wp-json\/wp\/v2\/media\/19492"}],"wp:attachment":[{"href":"https:\/\/eide.net\/en\/wp-json\/wp\/v2\/media?parent=19482"}],"wp:term":[{"taxonomy":"product_brand","embeddable":true,"href":"https:\/\/eide.net\/en\/wp-json\/wp\/v2\/product_brand?post=19482"},{"taxonomy":"product_cat","embeddable":true,"href":"https:\/\/eide.net\/en\/wp-json\/wp\/v2\/product_cat?post=19482"},{"taxonomy":"product_tag","embeddable":true,"href":"https:\/\/eide.net\/en\/wp-json\/wp\/v2\/product_tag?post=19482"}],"curies":[{"name":"wp","href":"https:\/\/api.w.org\/{rel}","templated":true}]}}